{"id":71,"date":"2020-07-12T22:56:10","date_gmt":"2020-07-12T22:56:10","guid":{"rendered":"https:\/\/www.itsee.pl\/?page_id=71"},"modified":"2020-08-22T20:25:33","modified_gmt":"2020-08-22T20:25:33","slug":"tv-audio","status":"publish","type":"page","link":"https:\/\/www.itsee.pl\/?page_id=71","title":{"rendered":"TV AUDIO"},"content":{"rendered":"<p><strong style=\"color: #333333; font-family: 'arial black', sans-serif;\"><strong><br \/>\n<\/strong><\/strong><strong style=\"color: #333333; font-family: 'arial black', sans-serif;\"><strong><a style=\"color: #333333;\" href=\"https:\/\/www.itsee.pl\/?p=225&amp;preview=true\"><span style=\"font-size: 14pt;\">TV CZY \u0141ATWO NAPRAWI\u0106 MATRYC\u0118<\/span><\/a><\/strong><\/strong><\/p>\n<p><strong style=\"color: #333333; font-family: 'arial black', sans-serif;\"><strong><a style=\"color: #333333;\" href=\"https:\/\/www.itsee.pl\/?p=240\"><span style=\"font-size: 14pt;\">TV NAPRAWA ZASILACZA TV<\/span><\/a><\/strong><\/strong><\/p>\n<p><strong style=\"color: #333333; font-family: 'arial black', sans-serif;\"><strong><a style=\"color: #333333;\" href=\"https:\/\/www.itsee.pl\/?p=240\"><span style=\"font-size: 14pt;\">TV NAPRAWA P\u0141YTY G\u0141OWNEJ TV<\/span><\/a><\/strong><\/strong><\/p>\n<p><a href=\"https:\/\/www.itsee.pl\/?p=301\"><span style=\"text-decoration: underline;\"><strong style=\"color: #333333; font-family: 'arial black', sans-serif; text-decoration: underline;\"><strong><span style=\"font-size: 14pt;\">JAK WYLUTOWA\u0106 GNIAZDO ANTENOWE<\/span><\/strong><\/strong><\/span><\/a><\/p>\n<p>&nbsp;<\/p>\n<p><strong style=\"color: #333333; font-family: 'arial black', sans-serif;\"><strong>\u00a0<\/strong><\/strong><\/p>\n<p>&nbsp;<\/p>\n","protected":false},"excerpt":{"rendered":"<p>TV CZY \u0141ATWO NAPRAWI\u0106 MATRYC\u0118 TV NAPRAWA ZASILACZA TV TV NAPRAWA P\u0141YTY G\u0141OWNEJ TV JAK WYLUTOWA\u0106 GNIAZDO ANTENOWE &nbsp; \u00a0 &nbsp;<\/p>\n","protected":false},"author":1,"featured_media":0,"parent":0,"menu_order":0,"comment_status":"open","ping_status":"closed","template":"","meta":{"h5ap_radio_sources":[],"footnotes":""},"class_list":["post-71","page","type-page","status-publish","hentry"],"_links":{"self":[{"href":"https:\/\/www.itsee.pl\/index.php?rest_route=\/wp\/v2\/pages\/71","targetHints":{"allow":["GET"]}}],"collection":[{"href":"https:\/\/www.itsee.pl\/index.php?rest_route=\/wp\/v2\/pages"}],"about":[{"href":"https:\/\/www.itsee.pl\/index.php?rest_route=\/wp\/v2\/types\/page"}],"author":[{"embeddable":true,"href":"https:\/\/www.itsee.pl\/index.php?rest_route=\/wp\/v2\/users\/1"}],"replies":[{"embeddable":true,"href":"https:\/\/www.itsee.pl\/index.php?rest_route=%2Fwp%2Fv2%2Fcomments&post=71"}],"version-history":[{"count":22,"href":"https:\/\/www.itsee.pl\/index.php?rest_route=\/wp\/v2\/pages\/71\/revisions"}],"predecessor-version":[{"id":307,"href":"https:\/\/www.itsee.pl\/index.php?rest_route=\/wp\/v2\/pages\/71\/revisions\/307"}],"wp:attachment":[{"href":"https:\/\/www.itsee.pl\/index.php?rest_route=%2Fwp%2Fv2%2Fmedia&parent=71"}],"curies":[{"name":"wp","href":"https:\/\/api.w.org\/{rel}","templated":true}]}}