{"id":75,"date":"2020-07-12T22:56:10","date_gmt":"2020-07-12T22:56:10","guid":{"rendered":"https:\/\/www.itsee.pl\/?page_id=75"},"modified":"2020-08-09T13:12:15","modified_gmt":"2020-08-09T13:12:15","slug":"kontakt","status":"publish","type":"page","link":"https:\/\/www.itsee.pl\/?page_id=75","title":{"rendered":"KONTAKT"},"content":{"rendered":"<p><span style=\"color: #000000; font-family: 'arial black', sans-serif;\"><strong><span style=\"font-size: 14pt;\">TEL: <span style=\"color: #ff0000;\">517-899-126<\/span><\/span><\/strong><\/span><\/p>\n<p><span style=\"color: #000000; font-family: 'arial black', sans-serif;\"><strong><span style=\"font-size: 14pt;\">mail: <span style=\"color: #808080;\">kontakt<\/span><span style=\"color: #ff0000; font-family: impact, sans-serif;\">@<\/span><span style=\"color: #808080;\">itsee.pl<\/span><\/span><\/strong><\/span><\/p>\n<p><span style=\"color: #000000; font-family: 'arial black', sans-serif;\"><strong><span style=\"font-size: 14pt;\">Opis Strony<\/span><\/strong><\/span><\/p>\n<p><span style=\"font-family: 'arial black', sans-serif;\"><strong><span style=\"color: #3366ff;\">www.Itsee.pl<\/span><span style=\"color: #999999;\"> to w\u0142a\u015bciwie kopia starej strony <span style=\"color: #000000;\">www.netik.pl<\/span> ze wzgl\u0119du \u017ce nie chcieli\u015bmy ci\u0105gn\u0105\u0107 <\/span><span style=\"color: #000000;\">netika<\/span><span style=\"color: #999999;\"> za lejce stwierdzili\u015bmy \u017ce zmienimy nazw\u0119 <span style=\"color: #000000;\">netik<\/span> ju\u017c by\u0142 stary postanowili\u015bmy postawi\u0107 jego nowe dziecko z innym oprogramowaniem jak okaza\u0142o si\u0119 stabilnym testowali\u015bmy go okolo 5 miesi\u0119cy co da\u0142o nam wiedz\u0119 i cz\u0119\u015b\u0107 do\u015bwiadczenia nowe oprogramowanie jest na licencji\u00a0 darmowej stabilnej i jest to naprawd\u0119 fajny kombajn do pracy na stronie www\u00a0 z <\/span><span style=\"color: #800000;\"><a style=\"color: #800000;\" href=\"https:\/\/www.google.com\/search?client=opera&amp;hs=bfF&amp;sxsrf=ALeKk03VcARgCmZO-2f1TSCswSxGvyD_qA:1594938048264&amp;q=wordpress&amp;spell=1&amp;sa=X&amp;ved=2ahUKEwierrie59LqAhUol4sKHXjyBVIQkeECKAB6BAgbECo\"><em>wordpress<\/em><\/a> <\/span><span style=\"color: #999999;\">mo\u017cna zrobi\u0107 tak naprawd\u0119 wszystko nie maj\u0105c wiedzy o programowaniu ja osobi\u015bcie znam j\u0119zyki programowania html xhtml PHP CSS MYSQL czy te\u017c C+ C++ kilka lat temu sam pisa\u0142em strony i kombajny cms dzi\u015b nie mam nato czasu i ju\u017c mi si\u0119 nie chce \u00a0je\u015bli chodzi o administracje mam certyfikaty administratora Windows oraz linux systemy operacyjne dla zwyk\u0142ego u\u017cytkownika s\u0105 bardzo trudne bo cho\u0107by zmiana rozdzielczo\u015bci pulpitu w windows 10 to mega problem przechodzenie przez ikonki szukanie dla administratora nowy system te\u017c jest k\u0142opotem bo nie zna zmian w przypadku Lixuksa nie ma takiego problemu bo ja jako admin serwer\u00f3w klepie komendy w konsoli tam niema \u015brodowiska graficznego 0 myszki klawiatura i komendy 0 ekranu wszystko musi by\u0107 wpisane np aby ogl\u0105dn\u0105\u0107 jakie pliki s\u0105 w kat \/etc\u00a0 wpisujemy ls \/etc ale musi by\u0107 zainstalowane ls wi\u0119cej opisz\u0119 za jaki\u015b czas<\/span><\/strong><\/span><\/p>\n","protected":false},"excerpt":{"rendered":"<p>TEL: 517-899-126 mail: kontakt@itsee.pl Opis Strony www.Itsee.pl to w\u0142a\u015bciwie kopia starej strony www.netik.pl ze wzgl\u0119du \u017ce nie chcieli\u015bmy ci\u0105gn\u0105\u0107 netika za lejce stwierdzili\u015bmy \u017ce zmienimy nazw\u0119 netik ju\u017c by\u0142 stary postanowili\u015bmy postawi\u0107 jego nowe dziecko z innym oprogramowaniem jak okaza\u0142o si\u0119 stabilnym testowali\u015bmy go okolo 5 miesi\u0119cy co da\u0142o nam wiedz\u0119 i cz\u0119\u015b\u0107 do\u015bwiadczenia nowe<\/p>\n","protected":false},"author":1,"featured_media":0,"parent":0,"menu_order":0,"comment_status":"open","ping_status":"closed","template":"","meta":{"h5ap_radio_sources":[],"footnotes":""},"class_list":["post-75","page","type-page","status-publish","hentry"],"_links":{"self":[{"href":"https:\/\/www.itsee.pl\/index.php?rest_route=\/wp\/v2\/pages\/75","targetHints":{"allow":["GET"]}}],"collection":[{"href":"https:\/\/www.itsee.pl\/index.php?rest_route=\/wp\/v2\/pages"}],"about":[{"href":"https:\/\/www.itsee.pl\/index.php?rest_route=\/wp\/v2\/types\/page"}],"author":[{"embeddable":true,"href":"https:\/\/www.itsee.pl\/index.php?rest_route=\/wp\/v2\/users\/1"}],"replies":[{"embeddable":true,"href":"https:\/\/www.itsee.pl\/index.php?rest_route=%2Fwp%2Fv2%2Fcomments&post=75"}],"version-history":[{"count":16,"href":"https:\/\/www.itsee.pl\/index.php?rest_route=\/wp\/v2\/pages\/75\/revisions"}],"predecessor-version":[{"id":256,"href":"https:\/\/www.itsee.pl\/index.php?rest_route=\/wp\/v2\/pages\/75\/revisions\/256"}],"wp:attachment":[{"href":"https:\/\/www.itsee.pl\/index.php?rest_route=%2Fwp%2Fv2%2Fmedia&parent=75"}],"curies":[{"name":"wp","href":"https:\/\/api.w.org\/{rel}","templated":true}]}}